{"id":1373,"date":"2021-06-28T11:13:22","date_gmt":"2021-06-28T11:13:22","guid":{"rendered":"http:\/\/oceant.eu\/home\/"},"modified":"2023-03-07T00:22:26","modified_gmt":"2023-03-06T23:22:26","slug":"home","status":"publish","type":"page","link":"http:\/\/oceant.eu\/en\/","title":{"rendered":"OCEAN Trading &#038; Logistics"},"content":{"rendered":"<div class=\"wp-block-uagb-container uagb-block-d29c3f6e alignfull uagb-is-root-container\"><div class=\"uagb-container-inner-blocks-wrap\"><\/div><\/div>\n\n\n\n<div class=\"wp-block-uagb-container uagb-block-343d2e58 alignfull uagb-is-root-container\"><div class=\"uagb-container-inner-blocks-wrap\">\n<div class=\"wp-block-uagb-advanced-heading uagb-block-a6a6a79a\"><h2 class=\"uagb-heading-text\">How can we help you?<\/h2><\/div>\n\n\n\n<div class=\"wp-block-uagb-container uagb-block-72a94a9a\">\n<div class=\"wp-block-uagb-advanced-heading uagb-block-93fad4a8\"><h3 class=\"uagb-heading-text\"><a href=\"http:\/\/oceant.eu\/en\/energy-supply\/\" data-type=\"page\" data-id=\"76\">Energy Supply<\/a><\/h3><\/div>\n<\/div>\n\n\n\n<div class=\"wp-block-uagb-container uagb-block-89f5c256\">\n<div class=\"wp-block-uagb-advanced-heading uagb-block-08b5166f\"><h3 class=\"uagb-heading-text\"><a href=\"http:\/\/oceant.eu\/en\/strategic-aliances\/\" data-type=\"page\" data-id=\"31\">Strategic Alliances<\/a><\/h3><\/div>\n<\/div>\n\n\n\n<div class=\"wp-block-uagb-container uagb-block-1312c8b6\">\n<div class=\"wp-block-uagb-advanced-heading uagb-block-f4f953a7\"><h3 class=\"uagb-heading-text\"><a href=\"http:\/\/oceant.eu\/en\/contacto\/\" data-type=\"page\" data-id=\"29\">Contact Us<\/a><\/h3><\/div>\n<\/div>\n<\/div><\/div>","protected":false},"excerpt":{"rendered":"<p>\u00bfEn qu\u00e9 podemos ayudarte? Generaci\u00f3n el\u00e9ctrica Alianzas Estrat\u00e9gicas Contacta con nosotros<\/p>","protected":false},"author":3,"featured_media":0,"parent":0,"menu_order":0,"comment_status":"closed","ping_status":"closed","template":"","meta":{"_uag_custom_page_level_css":"","site-sidebar-layout":"no-sidebar","site-content-layout":"page-builder","ast-site-content-layout":"","site-content-style":"default","site-sidebar-style":"default","ast-global-header-display":"","ast-banner-title-visibility":"","ast-main-header-display":"","ast-hfb-above-header-display":"","ast-hfb-below-header-display":"","ast-hfb-mobile-header-display":"","site-post-title":"disabled","ast-breadcrumbs-content":"","ast-featured-img":"disabled","footer-sml-layout":"","theme-transparent-header-meta":"default","adv-header-id-meta":"","stick-header-meta":"","header-above-stick-meta":"","header-main-stick-meta":"","header-below-stick-meta":"","astra-migrate-meta-layouts":"default","ast-page-background-enabled":"default","ast-page-background-meta":{"desktop":{"background-color":"","background-image":"","background-repeat":"repeat","background-position":"center center","background-size":"auto","background-attachment":"scroll","background-type":"","background-media":"","overlay-type":"","overlay-color":"","overlay-gradient":""},"tablet":{"background-color":"","background-image":"","background-repeat":"repeat","background-position":"center center","background-size":"auto","background-attachment":"scroll","background-type":"","background-media":"","overlay-type":"","overlay-color":"","overlay-gradient":""},"mobile":{"background-color":"","background-image":"","background-repeat":"repeat","background-position":"center center","background-size":"auto","background-attachment":"scroll","background-type":"","background-media":"","overlay-type":"","overlay-color":"","overlay-gradient":""}},"ast-content-background-meta":{"desktop":{"background-color":"var(--ast-global-color-5)","background-image":"","background-repeat":"repeat","background-position":"center center","background-size":"auto","background-attachment":"scroll","background-type":"","background-media":"","overlay-type":"","overlay-color":"","overlay-gradient":""},"tablet":{"background-color":"var(--ast-global-color-5)","background-image":"","background-repeat":"repeat","background-position":"center center","background-size":"auto","background-attachment":"scroll","background-type":"","background-media":"","overlay-type":"","overlay-color":"","overlay-gradient":""},"mobile":{"background-color":"var(--ast-global-color-5)","background-image":"","background-repeat":"repeat","background-position":"center center","background-size":"auto","background-attachment":"scroll","background-type":"","background-media":"","overlay-type":"","overlay-color":"","overlay-gradient":""}},"footnotes":""},"uagb_featured_image_src":{"full":false,"thumbnail":false,"medium":false,"medium_large":false,"large":false,"1536x1536":false,"2048x2048":false,"trp-custom-language-flag":false},"uagb_author_info":{"display_name":"Alvaro Valladares","author_link":"http:\/\/oceant.eu\/en\/author\/alvaro\/"},"uagb_comment_info":0,"uagb_excerpt":"\u00bfEn qu\u00e9 podemos ayudarte? Generaci\u00f3n el\u00e9ctrica Alianzas Estrat\u00e9gicas Contacta con nosotros","_links":{"self":[{"href":"http:\/\/oceant.eu\/en\/wp-json\/wp\/v2\/pages\/1373"}],"collection":[{"href":"http:\/\/oceant.eu\/en\/wp-json\/wp\/v2\/pages"}],"about":[{"href":"http:\/\/oceant.eu\/en\/wp-json\/wp\/v2\/types\/page"}],"author":[{"embeddable":true,"href":"http:\/\/oceant.eu\/en\/wp-json\/wp\/v2\/users\/3"}],"replies":[{"embeddable":true,"href":"http:\/\/oceant.eu\/en\/wp-json\/wp\/v2\/comments?post=1373"}],"version-history":[{"count":12,"href":"http:\/\/oceant.eu\/en\/wp-json\/wp\/v2\/pages\/1373\/revisions"}],"predecessor-version":[{"id":1850,"href":"http:\/\/oceant.eu\/en\/wp-json\/wp\/v2\/pages\/1373\/revisions\/1850"}],"wp:attachment":[{"href":"http:\/\/oceant.eu\/en\/wp-json\/wp\/v2\/media?parent=1373"}],"curies":[{"name":"wp","href":"https:\/\/api.w.org\/{rel}","templated":true}]}}